{"id":785,"date":"2021-05-20T14:36:21","date_gmt":"2021-05-20T17:36:21","guid":{"rendered":"https:\/\/www.rastrek.com.br\/hotsite\/?page_id=785"},"modified":"2026-04-09T18:00:19","modified_gmt":"2026-04-09T21:00:19","slug":"quero-comecar","status":"publish","type":"page","link":"https:\/\/www.rastrek.com.br\/franquia\/quero-comecar\/","title":{"rendered":"Quero come\u00e7ar"},"content":{"rendered":"\t\t<div data-elementor-type=\"wp-page\" data-elementor-id=\"785\" class=\"elementor elementor-785\" data-elementor-settings=\"[]\">\n\t\t\t\t\t\t\t<div class=\"elementor-section-wrap\">\n\t\t\t\t\t\t\t<section class=\"elementor-section elementor-top-section elementor-element elementor-element-6e3fd499 elementor-section-boxed elementor-section-height-default elementor-section-height-default\" data-id=\"6e3fd499\" data-element_type=\"section\" data-settings=\"{&quot;background_background&quot;:&quot;classic&quot;}\">\n\t\t\t\t\t\t\t<div class=\"elementor-background-overlay\"><\/div>\n\t\t\t\t\t\t\t<div class=\"elementor-container elementor-column-gap-no\">\n\t\t\t\t\t<div class=\"elementor-column elementor-col-100 elementor-top-column elementor-element elementor-element-5d1014de\" data-id=\"5d1014de\" data-element_type=\"column\">\n\t\t\t<div class=\"elementor-widget-wrap elementor-element-populated\">\n\t\t\t\t\t\t\t\t<div class=\"elementor-element elementor-element-52cc86b6 elementor-widget elementor-widget-heading\" data-id=\"52cc86b6\" data-element_type=\"widget\" data-widget_type=\"heading.default\">\n\t\t\t\t<div class=\"elementor-widget-container\">\n\t\t\t<h5 class=\"elementor-heading-title elementor-size-default\">Voc\u00ea est\u00e1 quase l\u00e1<\/h5>\t\t<\/div>\n\t\t\t\t<\/div>\n\t\t\t\t<div class=\"elementor-element elementor-element-2178f6d9 elementor-widget elementor-widget-heading\" data-id=\"2178f6d9\" data-element_type=\"widget\" data-widget_type=\"heading.default\">\n\t\t\t\t<div class=\"elementor-widget-container\">\n\t\t\t<h1 class=\"elementor-heading-title elementor-size-default\">na ades\u00e3o da sua Franquia<\/h1>\t\t<\/div>\n\t\t\t\t<\/div>\n\t\t\t\t\t<\/div>\n\t\t<\/div>\n\t\t\t\t\t\t\t<\/div>\n\t\t<\/section>\n\t\t\t\t<section class=\"elementor-section elementor-top-section elementor-element elementor-element-7ee21f11 elementor-section-content-middle elementor-section-boxed elementor-section-height-default elementor-section-height-default\" data-id=\"7ee21f11\" data-element_type=\"section\">\n\t\t\t\t\t\t<div class=\"elementor-container elementor-column-gap-no\">\n\t\t\t\t\t<div class=\"elementor-column elementor-col-100 elementor-top-column elementor-element elementor-element-471194fe\" data-id=\"471194fe\" data-element_type=\"column\">\n\t\t\t<div class=\"elementor-widget-wrap elementor-element-populated\">\n\t\t\t\t\t\t\t\t<div class=\"elementor-element elementor-element-45123631 elementor-widget elementor-widget-heading\" data-id=\"45123631\" data-element_type=\"widget\" data-widget_type=\"heading.default\">\n\t\t\t\t<div class=\"elementor-widget-container\">\n\t\t\t<p class=\"elementor-heading-title elementor-size-default\">Voc\u00ea est\u00e1 a 3 etapas de enviar a solicita\u00e7\u00e3o para montagem da sua empresa de Rastreamento Veicular.<\/p>\t\t<\/div>\n\t\t\t\t<\/div>\n\t\t\t\t<div class=\"elementor-element elementor-element-c7c7904 elementor-widget elementor-widget-heading\" data-id=\"c7c7904\" data-element_type=\"widget\" data-widget_type=\"heading.default\">\n\t\t\t\t<div class=\"elementor-widget-container\">\n\t\t\t<p class=\"elementor-heading-title elementor-size-default\">Antes de prosseguir, recomendamos que voc\u00ea visite a nossa p\u00e1gina de <a href=\"https:\/\/www.rastrek.com.br\/franquia\/perguntas-frequentes\/\">Perguntas Frequentes<\/a> e tire suas d\u00favidas sobre o modelo de neg\u00f3cio.<\/p>\t\t<\/div>\n\t\t\t\t<\/div>\n\t\t\t\t<div class=\"elementor-element elementor-element-6ccbcff2 elementor-widget elementor-widget-html\" data-id=\"6ccbcff2\" data-element_type=\"widget\" data-widget_type=\"html.default\">\n\t\t\t\t<div class=\"elementor-widget-container\">\n\t\t\t<script type=\"text\/javascript\" src=\"https:\/\/www.rastrek.com.br\/assets\/iframeResizer.min.js\"><\/script>\n\t\t<\/div>\n\t\t\t\t<\/div>\n\t\t\t\t<section class=\"elementor-section elementor-inner-section elementor-element elementor-element-f9c1263 elementor-section-boxed elementor-section-height-default elementor-section-height-default\" data-id=\"f9c1263\" data-element_type=\"section\">\n\t\t\t\t\t\t<div class=\"elementor-container elementor-column-gap-default\">\n\t\t\t\t\t<div class=\"elementor-column elementor-col-100 elementor-inner-column elementor-element elementor-element-653d39ed\" data-id=\"653d39ed\" data-element_type=\"column\">\n\t\t\t<div class=\"elementor-widget-wrap elementor-element-populated\">\n\t\t\t\t\t\t\t\t<div class=\"elementor-element elementor-element-64dc078a elementor-widget elementor-widget-html\" data-id=\"64dc078a\" data-element_type=\"widget\" data-widget_type=\"html.default\">\n\t\t\t\t<div class=\"elementor-widget-container\">\n\t\t\t<iframe id=\"form_buy\" src=\"https:\/\/app.rastrek.com.br\/buy\" scrolling=\"no\"><\/iframe>\t\t<\/div>\n\t\t\t\t<\/div>\n\t\t\t\t<div class=\"elementor-element elementor-element-294753b0 elementor-widget elementor-widget-html\" data-id=\"294753b0\" data-element_type=\"widget\" data-widget_type=\"html.default\">\n\t\t\t\t<div class=\"elementor-widget-container\">\n\t\t\t<script type=\"text\/javascript\">\niFrameResize({ \nlog: false, \ncheckOrigin: false,heightCalculationMethod:'bodyScroll',resizeFrom: 'child'\n}, '#form_buy')\n<\/script>\t\t<\/div>\n\t\t\t\t<\/div>\n\t\t\t\t\t<\/div>\n\t\t<\/div>\n\t\t\t\t\t\t\t<\/div>\n\t\t<\/section>\n\t\t\t\t\t<\/div>\n\t\t<\/div>\n\t\t\t\t\t\t\t<\/div>\n\t\t<\/section>\n\t\t\t\t<section class=\"elementor-section elementor-top-section elementor-element elementor-element-231bfb88 elementor-section-content-middle elementor-section-boxed elementor-section-height-default elementor-section-height-default\" data-id=\"231bfb88\" data-element_type=\"section\" data-settings=\"{&quot;background_background&quot;:&quot;classic&quot;}\">\n\t\t\t\t\t\t\t<div class=\"elementor-background-overlay\"><\/div>\n\t\t\t\t\t\t\t<div class=\"elementor-container elementor-column-gap-no\">\n\t\t\t\t\t<div class=\"elementor-column elementor-col-50 elementor-top-column elementor-element elementor-element-5b1d8bd6\" data-id=\"5b1d8bd6\" data-element_type=\"column\">\n\t\t\t<div class=\"elementor-widget-wrap elementor-element-populated\">\n\t\t\t\t\t\t\t\t<div class=\"elementor-element elementor-element-20fb86e elementor-widget elementor-widget-heading\" data-id=\"20fb86e\" data-element_type=\"widget\" data-widget_type=\"heading.default\">\n\t\t\t\t<div class=\"elementor-widget-container\">\n\t\t\t<h5 class=\"elementor-heading-title elementor-size-default\">Abra seu neg\u00f3cio de sucesso<\/h5>\t\t<\/div>\n\t\t\t\t<\/div>\n\t\t\t\t<div class=\"elementor-element elementor-element-409cf94e elementor-widget elementor-widget-heading\" data-id=\"409cf94e\" data-element_type=\"widget\" data-widget_type=\"heading.default\">\n\t\t\t\t<div class=\"elementor-widget-container\">\n\t\t\t<h2 class=\"elementor-heading-title elementor-size-default\">Ainda tem d\u00favidas?<\/h2>\t\t<\/div>\n\t\t\t\t<\/div>\n\t\t\t\t<div class=\"elementor-element elementor-element-7eb7e2f8 elementor-widget elementor-widget-text-editor\" data-id=\"7eb7e2f8\" data-element_type=\"widget\" data-widget_type=\"text-editor.default\">\n\t\t\t\t<div class=\"elementor-widget-container\">\n\t\t\t\t\t\t\t\t<p>Fale com um de nossos especialistas e tire todas as suas d\u00favidas!<\/p>\t\t\t\t\t\t<\/div>\n\t\t\t\t<\/div>\n\t\t\t\t\t<\/div>\n\t\t<\/div>\n\t\t\t\t<div class=\"elementor-column elementor-col-50 elementor-top-column elementor-element elementor-element-10003eb7\" data-id=\"10003eb7\" data-element_type=\"column\">\n\t\t\t<div class=\"elementor-widget-wrap elementor-element-populated\">\n\t\t\t\t\t\t\t\t<div class=\"elementor-element elementor-element-5376621b elementor-align-right elementor-mobile-align-center elementor-widget elementor-widget-button\" data-id=\"5376621b\" data-element_type=\"widget\" data-widget_type=\"button.default\">\n\t\t\t\t<div class=\"elementor-widget-container\">\n\t\t\t\t\t<div class=\"elementor-button-wrapper\">\n\t\t\t<a href=\"https:\/\/www.rastrek.com.br\/franquia\/contato\/\" class=\"elementor-button-link elementor-button elementor-size-md\" role=\"button\">\n\t\t\t\t\t\t<span class=\"elementor-button-content-wrapper\">\n\t\t\t\t\t\t<span class=\"elementor-button-text\">Falar com um especialista<\/span>\n\t\t<\/span>\n\t\t\t\t\t<\/a>\n\t\t<\/div>\n\t\t\t\t<\/div>\n\t\t\t\t<\/div>\n\t\t\t\t\t<\/div>\n\t\t<\/div>\n\t\t\t\t\t\t\t<\/div>\n\t\t<\/section>\n\t\t\t\t\t\t<\/div>\n\t\t\t\t\t<\/div>\n\t\t","protected":false},"excerpt":{"rendered":"<p>Voc\u00ea est\u00e1 quase l\u00e1 na ades\u00e3o da sua Franquia Voc\u00ea est\u00e1 a 3 etapas de enviar a solicita\u00e7\u00e3o para montagem da sua empresa de Rastreamento Veicular. Antes de prosseguir, recomendamos que voc\u00ea visite a nossa p\u00e1gina de Perguntas Frequentes e tire suas d\u00favidas sobre o modelo de neg\u00f3cio. Abra seu neg\u00f3cio de sucesso Ainda tem &hellip;<\/p>\n<p class=\"read-more\"> <a class=\"\" href=\"https:\/\/www.rastrek.com.br\/franquia\/quero-comecar\/\"> <span class=\"screen-reader-text\">Quero come\u00e7ar<\/span> Leia mais &raquo;<\/a><\/p>\n","protected":false},"author":1,"featured_media":0,"parent":0,"menu_order":0,"comment_status":"closed","ping_status":"closed","template":"","meta":{"footnotes":""},"class_list":["post-785","page","type-page","status-publish","hentry"],"_links":{"self":[{"href":"https:\/\/www.rastrek.com.br\/franquia\/wp-json\/wp\/v2\/pages\/785","targetHints":{"allow":["GET"]}}],"collection":[{"href":"https:\/\/www.rastrek.com.br\/franquia\/wp-json\/wp\/v2\/pages"}],"about":[{"href":"https:\/\/www.rastrek.com.br\/franquia\/wp-json\/wp\/v2\/types\/page"}],"author":[{"embeddable":true,"href":"https:\/\/www.rastrek.com.br\/franquia\/wp-json\/wp\/v2\/users\/1"}],"replies":[{"embeddable":true,"href":"https:\/\/www.rastrek.com.br\/franquia\/wp-json\/wp\/v2\/comments?post=785"}],"version-history":[{"count":25,"href":"https:\/\/www.rastrek.com.br\/franquia\/wp-json\/wp\/v2\/pages\/785\/revisions"}],"predecessor-version":[{"id":1112,"href":"https:\/\/www.rastrek.com.br\/franquia\/wp-json\/wp\/v2\/pages\/785\/revisions\/1112"}],"wp:attachment":[{"href":"https:\/\/www.rastrek.com.br\/franquia\/wp-json\/wp\/v2\/media?parent=785"}],"curies":[{"name":"wp","href":"https:\/\/api.w.org\/{rel}","templated":true}]}}